{"id":1621,"date":"2025-12-03T12:44:18","date_gmt":"2025-12-03T12:44:18","guid":{"rendered":"https:\/\/bolayirdogancelik.com\/?page_id=1621"},"modified":"2026-04-29T08:33:05","modified_gmt":"2026-04-29T08:33:05","slug":"iletisim","status":"publish","type":"page","link":"https:\/\/bolayirdogancelik.com\/en\/iletisim\/","title":{"rendered":"Contact"},"content":{"rendered":"\t\t<div data-elementor-type=\"wp-page\" data-elementor-id=\"1621\" class=\"elementor elementor-1621\">\n\t\t\t\t<div class=\"elementor-element elementor-element-7d8f4b0 e-con-full sayfa-header e-flex e-con e-child\" data-id=\"7d8f4b0\" data-element_type=\"container\" data-e-type=\"container\" data-settings=\"{&quot;background_background&quot;:&quot;classic&quot;}\">\n\t\t<div class=\"elementor-element elementor-element-8dfb0a8 e-flex e-con-boxed e-con e-child\" data-id=\"8dfb0a8\" data-element_type=\"container\" data-e-type=\"container\">\n\t\t\t\t\t<div class=\"e-con-inner\">\n\t\t\t\t<div class=\"elementor-element elementor-element-7e8cd71 elementor-widget elementor-widget-heading\" data-id=\"7e8cd71\" data-element_type=\"widget\" data-e-type=\"widget\" data-widget_type=\"heading.default\">\n\t\t\t\t\t<h2 class=\"elementor-heading-title elementor-size-default\">\u0130leti\u015fim<\/h2>\t\t\t\t<\/div>\n\t\t\t\t\t<\/div>\n\t\t\t\t<\/div>\n\t\t\t\t<\/div>\n\t\t<div class=\"elementor-element elementor-element-5b8bb39 e-con-full e-flex e-con e-parent\" data-id=\"5b8bb39\" data-element_type=\"container\" data-e-type=\"container\">\n\t\t\t\t<div class=\"elementor-element elementor-element-ad52399 elementor-widget elementor-widget-spacer\" data-id=\"ad52399\" data-element_type=\"widget\" data-e-type=\"widget\" data-widget_type=\"spacer.default\">\n\t\t\t\t\t\t\t<div class=\"elementor-spacer\">\n\t\t\t<div class=\"elementor-spacer-inner\"><\/div>\n\t\t<\/div>\n\t\t\t\t\t\t<\/div>\n\t\t\t\t<\/div>\n\t\t<div class=\"elementor-element elementor-element-7cc1184 e-flex e-con-boxed e-con e-parent\" data-id=\"7cc1184\" data-element_type=\"container\" data-e-type=\"container\">\n\t\t\t\t\t<div class=\"e-con-inner\">\n\t\t<div class=\"elementor-element elementor-element-9648b08 e-con-full e-flex e-con e-child\" data-id=\"9648b08\" data-element_type=\"container\" data-e-type=\"container\">\n\t\t\t\t<div class=\"elementor-element elementor-element-d3614f4 elementor-widget elementor-widget-heading\" data-id=\"d3614f4\" data-element_type=\"widget\" data-e-type=\"widget\" data-widget_type=\"heading.default\">\n\t\t\t\t\t<h2 class=\"elementor-heading-title elementor-size-default\">Merkez Ofis<\/h2>\t\t\t\t<\/div>\n\t\t\t\t<div class=\"elementor-element elementor-element-213f67d elementor-widget-divider--view-line elementor-widget elementor-widget-divider\" data-id=\"213f67d\" data-element_type=\"widget\" data-e-type=\"widget\" data-widget_type=\"divider.default\">\n\t\t\t\t\t\t\t<div class=\"elementor-divider\">\n\t\t\t<span class=\"elementor-divider-separator\">\n\t\t\t\t\t\t<\/span>\n\t\t<\/div>\n\t\t\t\t\t\t<\/div>\n\t\t\t\t<div class=\"elementor-element elementor-element-b7e5ad1 elementor-widget elementor-widget-text-editor\" data-id=\"b7e5ad1\" data-element_type=\"widget\" data-e-type=\"widget\" data-widget_type=\"text-editor.default\">\n\t\t\t\t\t\t\t\t\t<p>Ankara \u00c7ankaya&#8217;da bulunan merkez ofisimizde size sunabilece\u011fimiz hizmetlerimizi g\u00f6r\u00fc\u015fmek i\u00e7in ziyaretinizi bekliyoruz.<\/p>\t\t\t\t\t\t\t\t<\/div>\n\t\t\t\t<div class=\"elementor-element elementor-element-b19cefd elementor-widget elementor-widget-heading\" data-id=\"b19cefd\" data-element_type=\"widget\" data-e-type=\"widget\" data-widget_type=\"heading.default\">\n\t\t\t\t\t<h2 class=\"elementor-heading-title elementor-size-default\">\u0130stanbul Ofis<\/h2>\t\t\t\t<\/div>\n\t\t\t\t<div class=\"elementor-element elementor-element-43ffce0 elementor-widget-divider--view-line elementor-widget elementor-widget-divider\" data-id=\"43ffce0\" data-element_type=\"widget\" data-e-type=\"widget\" data-widget_type=\"divider.default\">\n\t\t\t\t\t\t\t<div class=\"elementor-divider\">\n\t\t\t<span class=\"elementor-divider-separator\">\n\t\t\t\t\t\t<\/span>\n\t\t<\/div>\n\t\t\t\t\t\t<\/div>\n\t\t\t\t<div class=\"elementor-element elementor-element-244b3dc elementor-widget elementor-widget-text-editor\" data-id=\"244b3dc\" data-element_type=\"widget\" data-e-type=\"widget\" data-widget_type=\"text-editor.default\">\n\t\t\t\t\t\t\t\t\t<p>\u0130stanbul ofisimiz ile \u015fimdi size daha yak\u0131n\u0131z. Size sunabilece\u011fimiz hizmetlerimizi g\u00f6r\u00fc\u015fmek i\u00e7in ziyaretinizi bekliyoruz.<\/p>\t\t\t\t\t\t\t\t<\/div>\n\t\t\t\t<div class=\"elementor-element elementor-element-53d4c54 elementor-widget elementor-widget-heading\" data-id=\"53d4c54\" data-element_type=\"widget\" data-e-type=\"widget\" data-widget_type=\"heading.default\">\n\t\t\t\t\t<h2 class=\"elementor-heading-title elementor-size-default\">Dubai Ofis<\/h2>\t\t\t\t<\/div>\n\t\t\t\t<div class=\"elementor-element elementor-element-bab9191 elementor-widget-divider--view-line elementor-widget elementor-widget-divider\" data-id=\"bab9191\" data-element_type=\"widget\" data-e-type=\"widget\" data-widget_type=\"divider.default\">\n\t\t\t\t\t\t\t<div class=\"elementor-divider\">\n\t\t\t<span class=\"elementor-divider-separator\">\n\t\t\t\t\t\t<\/span>\n\t\t<\/div>\n\t\t\t\t\t\t<\/div>\n\t\t\t\t<div class=\"elementor-element elementor-element-1adf6a5 elementor-widget elementor-widget-text-editor\" data-id=\"1adf6a5\" data-element_type=\"widget\" data-e-type=\"widget\" data-widget_type=\"text-editor.default\">\n\t\t\t\t\t\t\t\t\t<p>Dubai ofisimizde uluslararas\u0131 hukuk hizmetlerimiz ile yan\u0131n\u0131zday\u0131z. Size sunabilece\u011fimiz hizmetlerimizi g\u00f6r\u00fc\u015fmek i\u00e7in ziyaretinizi bekliyoruz.<\/p>\t\t\t\t\t\t\t\t<\/div>\n\t\t\t\t<div class=\"elementor-element elementor-element-91a81fe elementor-widget elementor-widget-google_maps\" data-id=\"91a81fe\" data-element_type=\"widget\" data-e-type=\"widget\" data-widget_type=\"google_maps.default\">\n\t\t\t\t\t\t\t<div class=\"elementor-custom-embed\">\n\t\t\t<iframe loading=\"lazy\"\n\t\t\t\t\tsrc=\"https:\/\/maps.google.com\/maps?q=Bolay%C4%B1r%26Do%C4%9Fan%C3%A7elik%20Avukatl%C4%B1k%20B%C3%BCrosu&#038;t=m&#038;z=14&#038;output=embed&#038;iwloc=near\"\n\t\t\t\t\ttitle=\"Bolay\u0131r&amp;Do\u011fan\u00e7elik Avukatl\u0131k B\u00fcrosu\"\n\t\t\t\t\taria-label=\"Bolay\u0131r&amp;Do\u011fan\u00e7elik Avukatl\u0131k B\u00fcrosu\"\n\t\t\t><\/iframe>\n\t\t<\/div>\n\t\t\t\t\t\t<\/div>\n\t\t\t\t<\/div>\n\t\t<div class=\"elementor-element elementor-element-3d1db5a e-con-full e-flex e-con e-child\" data-id=\"3d1db5a\" data-element_type=\"container\" data-e-type=\"container\">\n\t\t\t\t<div class=\"elementor-element elementor-element-3d6fa81 elementor-widget elementor-widget-heading\" data-id=\"3d6fa81\" data-element_type=\"widget\" data-e-type=\"widget\" data-widget_type=\"heading.default\">\n\t\t\t\t\t<h2 class=\"elementor-heading-title elementor-size-default\">\u0130leti\u015fim Formu<\/h2>\t\t\t\t<\/div>\n\t\t\t\t<div class=\"elementor-element elementor-element-e599d3d elementor-widget-divider--view-line elementor-widget elementor-widget-divider\" data-id=\"e599d3d\" data-element_type=\"widget\" data-e-type=\"widget\" data-widget_type=\"divider.default\">\n\t\t\t\t\t\t\t<div class=\"elementor-divider\">\n\t\t\t<span class=\"elementor-divider-separator\">\n\t\t\t\t\t\t<\/span>\n\t\t<\/div>\n\t\t\t\t\t\t<\/div>\n\t\t\t\t<div class=\"elementor-element elementor-element-4f437dc elementor-widget__width-initial elementor-widget elementor-widget-content_form_contact\" data-id=\"4f437dc\" data-element_type=\"widget\" data-e-type=\"widget\" data-widget_type=\"content_form_contact.default\">\n\t\t\t\t<div class=\"elementor-widget-container\">\n\t\t\t\t\t<form action=\"https:\/\/bolayirdogancelik.com\/wp-admin\/admin-post.php\" method=\"post\" name=\"content-form-4f437dc\" id=\"content-form-4f437dc\" class=\"ti-cf-module content-form content-form-contact content_form_contact\"><input type=\"hidden\" id=\"_wpnonce_contact\" name=\"_wpnonce_contact\" value=\"da2ad32bb8\" \/><input type=\"hidden\" name=\"_wp_http_referer\" value=\"\/iletisim\/\" \/><input type=\"hidden\" name=\"action\" value=\"content_form_submit\" \/><input type=\"hidden\" name=\"form-type\" value=\"contact\" \/><input type=\"hidden\" name=\"form-builder\" value=\"elementor\" \/><input type=\"hidden\" name=\"post-id\" value=\"1621\" \/><input type=\"hidden\" name=\"form-id\" value=\"4f437dc\" \/><fieldset class=&quot;content-form-field-text elementor-column elementor-col-100&quot;><label for=\"data[4f437dc][name]\" ><\/label><input type=\"text\" name=\"data[4f437dc][name]\" id=\"data[4f437dc][name]\" required=required  placeholder=\"Ad\u0131n\u0131z - Soyad\u0131n\u0131z\"><\/fieldset><fieldset class=&quot;content-form-field-email elementor-column elementor-col-100&quot;><label for=\"data[4f437dc][email]\" ><\/label><input type=\"text\" name=\"data[4f437dc][email]\" id=\"data[4f437dc][email]\" required=required  placeholder=\"Email adresiniz\"><\/fieldset><fieldset class=&quot;content-form-field-number elementor-column elementor-col-100&quot;><label for=\"data[4f437dc][phone]\" ><\/label><input type=\"text\" name=\"data[4f437dc][phone]\" id=\"data[4f437dc][phone]\"   placeholder=\"Telefon numaran\u0131z\"><\/fieldset><fieldset class=&quot;content-form-field-textarea elementor-column elementor-col-100&quot;><label for=\"data[4f437dc][message]\" ><\/label><textarea name=\"data[4f437dc][message]\" id=\"data[4f437dc][message]\"  required=required placeholder=\"Mesaj\u0131n\u0131z\" cols=\"30\" rows=\"5\"><\/textarea><\/fieldset><fieldset class=\"submit-form contact\"><button type=\"submit\" name=\"submit\"  value=\"submit-contact-4f437dc\" class=\"\">G\u00f6nder<\/button><\/fieldset><\/form>\t\t\t\t<\/div>\n\t\t\t\t<\/div>\n\t\t\t\t<\/div>\n\t\t\t\t\t<\/div>\n\t\t\t\t<\/div>\n\t\t<div class=\"elementor-element elementor-element-1cc1715 e-con-full e-flex e-con e-parent\" data-id=\"1cc1715\" data-element_type=\"container\" data-e-type=\"container\">\n\t\t\t\t<div class=\"elementor-element elementor-element-7232aba elementor-widget elementor-widget-spacer\" data-id=\"7232aba\" data-element_type=\"widget\" data-e-type=\"widget\" data-widget_type=\"spacer.default\">\n\t\t\t\t\t\t\t<div class=\"elementor-spacer\">\n\t\t\t<div class=\"elementor-spacer-inner\"><\/div>\n\t\t<\/div>\n\t\t\t\t\t\t<\/div>\n\t\t\t\t<\/div>\n\t\t\t\t<\/div>\n\t\t","protected":false},"excerpt":{"rendered":"<p>\u0130leti\u015fim Merkez Ofis Ankara \u00c7ankaya&#8217;da bulunan merkez ofisimizde size sunabilece\u011fimiz hizmetlerimizi g\u00f6r\u00fc\u015fmek i\u00e7in ziyaretinizi bekliyoruz. \u0130stanbul Ofis \u0130stanbul ofisimiz ile \u015fimdi size daha yak\u0131n\u0131z. Size sunabilece\u011fimiz hizmetlerimizi g\u00f6r\u00fc\u015fmek i\u00e7in ziyaretinizi bekliyoruz. Dubai Ofis Dubai ofisimizde uluslararas\u0131 hukuk hizmetlerimiz ile yan\u0131n\u0131zday\u0131z. Size sunabilece\u011fimiz hizmetlerimizi g\u00f6r\u00fc\u015fmek i\u00e7in ziyaretinizi bekliyoruz. \u0130leti\u015fim Formu G\u00f6nder<\/p>","protected":false},"author":1,"featured_media":0,"parent":0,"menu_order":0,"comment_status":"closed","ping_status":"closed","template":"page-templates\/template-pagebuilder-full-width.php","meta":{"neve_meta_sidebar":"","neve_meta_container":"","neve_meta_enable_content_width":"","neve_meta_content_width":0,"neve_meta_title_alignment":"","neve_meta_author_avatar":"","neve_post_elements_order":"","neve_meta_disable_header":"","neve_meta_disable_footer":"","neve_meta_disable_title":"","neve_meta_reading_time":"","_themeisle_gutenberg_block_has_review":false,"footnotes":""},"class_list":["post-1621","page","type-page","status-publish","hentry"],"_links":{"self":[{"href":"https:\/\/bolayirdogancelik.com\/en\/wp-json\/wp\/v2\/pages\/1621","targetHints":{"allow":["GET"]}}],"collection":[{"href":"https:\/\/bolayirdogancelik.com\/en\/wp-json\/wp\/v2\/pages"}],"about":[{"href":"https:\/\/bolayirdogancelik.com\/en\/wp-json\/wp\/v2\/types\/page"}],"author":[{"embeddable":true,"href":"https:\/\/bolayirdogancelik.com\/en\/wp-json\/wp\/v2\/users\/1"}],"replies":[{"embeddable":true,"href":"https:\/\/bolayirdogancelik.com\/en\/wp-json\/wp\/v2\/comments?post=1621"}],"version-history":[{"count":44,"href":"https:\/\/bolayirdogancelik.com\/en\/wp-json\/wp\/v2\/pages\/1621\/revisions"}],"predecessor-version":[{"id":2276,"href":"https:\/\/bolayirdogancelik.com\/en\/wp-json\/wp\/v2\/pages\/1621\/revisions\/2276"}],"wp:attachment":[{"href":"https:\/\/bolayirdogancelik.com\/en\/wp-json\/wp\/v2\/media?parent=1621"}],"curies":[{"name":"wp","href":"https:\/\/api.w.org\/{rel}","templated":true}]}}