{"id":24,"date":"2025-10-01T07:39:33","date_gmt":"2025-10-01T07:39:33","guid":{"rendered":"https:\/\/bolayirdogancelik.com\/about\/"},"modified":"2026-04-29T08:27:21","modified_gmt":"2026-04-29T08:27:21","slug":"hakkimizda","status":"publish","type":"page","link":"https:\/\/bolayirdogancelik.com\/en\/hakkimizda\/","title":{"rendered":"About Us"},"content":{"rendered":"<div data-elementor-type=\"wp-page\" data-elementor-id=\"24\" class=\"elementor elementor-24\">\n\t\t\t\t<div class=\"elementor-element elementor-element-8009323 e-con-full sayfa-header e-flex e-con e-child\" data-id=\"8009323\" data-element_type=\"container\" data-e-type=\"container\" data-settings=\"{&quot;background_background&quot;:&quot;classic&quot;}\">\n\t\t<div class=\"elementor-element elementor-element-a96facd e-flex e-con-boxed e-con e-child\" data-id=\"a96facd\" data-element_type=\"container\" data-e-type=\"container\">\n\t\t\t\t\t<div class=\"e-con-inner\">\n\t\t\t\t<div class=\"elementor-element elementor-element-a8d8a90 elementor-widget elementor-widget-heading\" data-id=\"a8d8a90\" data-element_type=\"widget\" data-e-type=\"widget\" data-widget_type=\"heading.default\">\n\t\t\t\t\t<h2 class=\"elementor-heading-title elementor-size-default\">About Us<\/h2>\t\t\t\t<\/div>\n\t\t\t\t\t<\/div>\n\t\t\t\t<\/div>\n\t\t\t\t<\/div>\n\t\t<div class=\"elementor-element elementor-element-ca381ac e-con-full e-flex e-con e-parent\" data-id=\"ca381ac\" data-element_type=\"container\" data-e-type=\"container\">\n\t\t<div class=\"elementor-element elementor-element-c9f3352 e-con-full e-flex e-con e-child\" data-id=\"c9f3352\" data-element_type=\"container\" data-e-type=\"container\">\n\t\t\t\t<div class=\"elementor-element elementor-element-258f778 elementor-widget-mobile__width-inherit elementor-widget elementor-widget-image\" data-id=\"258f778\" data-element_type=\"widget\" data-e-type=\"widget\" data-widget_type=\"image.default\">\n\t\t\t\t\t\t\t\t\t\t\t\t\t\t\t<img fetchpriority=\"high\" decoding=\"async\" width=\"823\" height=\"600\" src=\"https:\/\/bolayirdogancelik.com\/wp-content\/uploads\/2025\/10\/image42-min.jpg\" class=\"attachment-full size-full wp-image-109\" alt=\"\" srcset=\"https:\/\/bolayirdogancelik.com\/wp-content\/uploads\/2025\/10\/image42-min.jpg 823w, https:\/\/bolayirdogancelik.com\/wp-content\/uploads\/2025\/10\/image42-min-300x219.jpg 300w, https:\/\/bolayirdogancelik.com\/wp-content\/uploads\/2025\/10\/image42-min-768x560.jpg 768w\" sizes=\"(max-width: 823px) 100vw, 823px\" \/>\t\t\t\t\t\t\t\t\t\t\t\t\t\t\t<\/div>\n\t\t\t\t<\/div>\n\t\t<div class=\"elementor-element elementor-element-1317c08f e-con-full e-flex e-con e-child\" data-id=\"1317c08f\" data-element_type=\"container\" data-e-type=\"container\">\n\t\t<div class=\"elementor-element elementor-element-1d1ceeb7 e-con-full e-flex e-con e-child\" data-id=\"1d1ceeb7\" data-element_type=\"container\" data-e-type=\"container\">\n\t\t\t\t<div class=\"elementor-element elementor-element-df5d033 elementor-widget elementor-widget-heading\" data-id=\"df5d033\" data-element_type=\"widget\" data-e-type=\"widget\" data-widget_type=\"heading.default\">\n\t\t\t\t\t<h2 class=\"elementor-heading-title elementor-size-default\">Bolay\u0131r &amp; Do\u011fan\u00e7elik<\/h2>\t\t\t\t<\/div>\n\t\t\t\t<div class=\"elementor-element elementor-element-ab6ef47 elementor-widget elementor-widget-heading\" data-id=\"ab6ef47\" data-element_type=\"widget\" data-e-type=\"widget\" data-widget_type=\"heading.default\">\n\t\t\t\t\t<h5 class=\"elementor-heading-title elementor-size-default\">RELIABLE LEGAL CONSULTANCY<\/h5>\t\t\t\t<\/div>\n\t\t\t\t<div class=\"elementor-element elementor-element-6321f01 elementor-widget elementor-widget-text-editor\" data-id=\"6321f01\" data-element_type=\"widget\" data-e-type=\"widget\" data-widget_type=\"text-editor.default\">\n\t\t\t\t\t\t\t\t\t<p>Bolay\u0131r &amp; Do\u011fan\u00e7elik, a boutique law firm based in Ankara, provides strategic, innovative, and practical solutions to national and international companies. The experience gained by our founding partners in international law firms, combined with their vision of industry leadership, has enabled our firm to be built on solid foundations.<\/p><p>The rapidly evolving corporate landscape requires companies not only to act in compliance with the law but also to adopt a forward-thinking and proactive approach. We operate with a solution-oriented mindset, with a strong understanding of these dynamics of the business world.<\/p><p>Our core values include transparency, professionalism, reliability, a solution-oriented approach, and a strong client focus.\u00a0<\/p>\t\t\t\t\t\t\t\t<\/div>\n\t\t\t\t<div class=\"elementor-element elementor-element-525cf065 elementor-widget elementor-widget-icon-box\" data-id=\"525cf065\" data-element_type=\"widget\" data-e-type=\"widget\" data-widget_type=\"icon-box.default\">\n\t\t\t\t\t\t\t<div class=\"elementor-icon-box-wrapper\">\n\n\t\t\t\n\t\t\t\t\t\t<div class=\"elementor-icon-box-content\">\n\n\t\t\t\t\t\t\t\t\t<p class=\"elementor-icon-box-title\">\n\t\t\t\t\t\t<span  >\n\t\t\t\t\t\t\t\"Our goal is not only to advise our clients, but also to stand by them as long-term business partners.\"\t\t\t\t\t\t<\/span>\n\t\t\t\t\t<\/p>\n\t\t\t\t\n\t\t\t\t\t\t\t\t\t<p class=\"elementor-icon-box-description\">\n\t\t\t\t\t\tBolay\u0131r &amp; Do\u011fan\u00e7elik\t\t\t\t\t<\/p>\n\t\t\t\t\n\t\t\t<\/div>\n\t\t\t\n\t\t<\/div>\n\t\t\t\t\t\t<\/div>\n\t\t\t\t<\/div>\n\t\t\t\t<\/div>\n\t\t\t\t<\/div>\n\t\t<div class=\"elementor-element elementor-element-410bcbf7 e-con-full e-flex e-con e-parent\" data-id=\"410bcbf7\" data-element_type=\"container\" data-e-type=\"container\" data-settings=\"{&quot;background_background&quot;:&quot;classic&quot;}\">\n\t\t\t\t<div class=\"elementor-element elementor-element-73e657dd elementor-widget elementor-widget-heading\" data-id=\"73e657dd\" data-element_type=\"widget\" data-e-type=\"widget\" data-widget_type=\"heading.default\">\n\t\t\t\t\t<h2 class=\"elementor-heading-title elementor-size-default\">Our Story<\/h2>\t\t\t\t<\/div>\n\t\t\t\t<div class=\"elementor-element elementor-element-3da5d5e elementor-widget-divider--view-line elementor-widget elementor-widget-divider\" data-id=\"3da5d5e\" data-element_type=\"widget\" data-e-type=\"widget\" data-widget_type=\"divider.default\">\n\t\t\t\t\t\t\t<div class=\"elementor-divider\">\n\t\t\t<span class=\"elementor-divider-separator\">\n\t\t\t\t\t\t<\/span>\n\t\t<\/div>\n\t\t\t\t\t\t<\/div>\n\t\t\t\t<div class=\"elementor-element elementor-element-4cc57b5 elementor-widget elementor-widget-spacer\" data-id=\"4cc57b5\" data-element_type=\"widget\" data-e-type=\"widget\" data-widget_type=\"spacer.default\">\n\t\t\t\t\t\t\t<div class=\"elementor-spacer\">\n\t\t\t<div class=\"elementor-spacer-inner\"><\/div>\n\t\t<\/div>\n\t\t\t\t\t\t<\/div>\n\t\t<div class=\"elementor-element elementor-element-dee846d e-flex e-con-boxed e-con e-child\" data-id=\"dee846d\" data-element_type=\"container\" data-e-type=\"container\">\n\t\t\t\t\t<div class=\"e-con-inner\">\n\t\t\t\t<div class=\"elementor-element elementor-element-1ba4e8e elementor-widget elementor-widget-text-editor\" data-id=\"1ba4e8e\" data-element_type=\"widget\" data-e-type=\"widget\" data-widget_type=\"text-editor.default\">\n\t\t\t\t\t\t\t\t\t<p class=\"p1\">Bolay\u0131r &amp; Do\u011fan\u00e7elik is a boutique law firm that provides high-standard services to both domestic and international companies. Our goal is not only to find solutions to legal problems, but also to transform the most complex legal needs faced by the business world into reliable and practical solutions.<\/p>\t\t\t\t\t\t\t\t<\/div>\n\t\t\t\t<div class=\"elementor-element elementor-element-6278089 elementor-widget elementor-widget-text-editor\" data-id=\"6278089\" data-element_type=\"widget\" data-e-type=\"widget\" data-widget_type=\"text-editor.default\">\n\t\t\t\t\t\t\t\t\t<p class=\"p1\">Our office was founded in 2016 by <b>T. G\u00f6kmen Bolay\u0131r<\/b> and <b>Olcayto Do\u011fan\u00e7elik<\/b> . Our founding partners have gained extensive experience in various sectors, having spent a significant part of their careers in international law firms and multinational companies.<\/p><ul><li style=\"list-style-type: none;\"><ul><li style=\"list-style-type: none;\"><ul class=\"ul1\"><li class=\"li1\"><b>T. G\u00f6kmen Bolay\u0131r<\/b>specializes in corporate law, mergers &amp; acquisitions, and investment processes in the automotive, healthcare, fast-moving consumer goods, IT, construction, food, and energy sectors.<br \/><br \/><\/li><li class=\"li1\"><b>Olcayto Do\u011fan\u00e7elik<\/b>has successfully applied his extensive experience in the fields of commerce, business, contracts, and real estate law both in Turkey and on the international stage.<\/li><\/ul><\/li><\/ul><\/li><\/ul><p class=\"p1\"><br \/>This merger has given our firm a broader perspective and enabled us to offer our clients both in-depth expertise and practical solutions.<\/p>\t\t\t\t\t\t\t\t<\/div>\n\t\t\t\t\t<\/div>\n\t\t\t\t<\/div>\n\t\t\t\t<\/div>\n\t\t<div class=\"elementor-element elementor-element-e98e056 e-grid e-con-boxed e-con e-parent\" data-id=\"e98e056\" data-element_type=\"container\" data-e-type=\"container\">\n\t\t\t\t\t<div class=\"e-con-inner\">\n\t\t<div class=\"elementor-element elementor-element-945ba9e e-con-full e-flex e-con e-child\" data-id=\"945ba9e\" data-element_type=\"container\" data-e-type=\"container\" data-settings=\"{&quot;background_background&quot;:&quot;classic&quot;}\">\n\t\t\t\t<div class=\"elementor-element elementor-element-0777253 elementor-widget elementor-widget-heading\" data-id=\"0777253\" data-element_type=\"widget\" data-e-type=\"widget\" data-widget_type=\"heading.default\">\n\t\t\t\t\t<h2 class=\"elementor-heading-title elementor-size-default\">Today;<\/h2>\t\t\t\t<\/div>\n\t\t\t\t<div class=\"elementor-element elementor-element-c1d5b01 elementor-widget elementor-widget-text-editor\" data-id=\"c1d5b01\" data-element_type=\"widget\" data-e-type=\"widget\" data-widget_type=\"text-editor.default\">\n\t\t\t\t\t\t\t\t\t<p class=\"p1\">Kuruldu\u011fu g\u00fcnden bu yana Bolay\u0131r &amp; Do\u011fan\u00e7elik, d\u0131\u015f ticaret, enerji, teknoloji, savunma, gayrimenkul, bili\u015fim, sa\u011fl\u0131k, otomotiv ve finans ba\u015fta olmak \u00fczere bir\u00e7ok sekt\u00f6rde faaliyet g\u00f6steren \u015firketlere stratejik dan\u0131\u015fmanl\u0131k sa\u011flamaktad\u0131r. B\u00fcromuz, yaln\u0131zca bir hukuk dan\u0131\u015fman\u0131 de\u011fil, ayn\u0131 zamanda m\u00fcvekkillerimizin uzun vadeli i\u015f orta\u011f\u0131 olarak hareket etmeyi ilke edinmi\u015ftir.<\/p>\t\t\t\t\t\t\t\t<\/div>\n\t\t\t\t<\/div>\n\t\t<div class=\"elementor-element elementor-element-7ed9957 e-con-full e-flex e-con e-child\" data-id=\"7ed9957\" data-element_type=\"container\" data-e-type=\"container\" data-settings=\"{&quot;background_background&quot;:&quot;classic&quot;}\">\n\t\t\t\t<div class=\"elementor-element elementor-element-5c1b27f elementor-widget elementor-widget-heading\" data-id=\"5c1b27f\" data-element_type=\"widget\" data-e-type=\"widget\" data-widget_type=\"heading.default\">\n\t\t\t\t\t<h2 class=\"elementor-heading-title elementor-size-default\">Vision;<\/h2>\t\t\t\t<\/div>\n\t\t\t\t<div class=\"elementor-element elementor-element-62b1118 elementor-widget elementor-widget-text-editor\" data-id=\"62b1118\" data-element_type=\"widget\" data-e-type=\"widget\" data-widget_type=\"text-editor.default\">\n\t\t\t\t\t\t\t\t\t<p class=\"p1\">As Bolay\u0131r &amp; Do\u011fan\u00e7elik, our vision is <b>to combine our local expertise with international standards<\/b>&nbsp;and provide our clients not only with legal support but also with solutions that become an integral part of their business strategies. Taking into account the rapidly changing conditions of the business world, we adopt a proactive approach that anticipates not only our clients\u2019 current needs but also their future requirements.<\/p>\t\t\t\t\t\t\t\t<\/div>\n\t\t\t\t<\/div>\n\t\t\t\t\t<\/div>\n\t\t\t\t<\/div>\n\t\t<div class=\"elementor-element elementor-element-2cce9aa e-con-full e-flex e-con e-parent\" data-id=\"2cce9aa\" data-element_type=\"container\" data-e-type=\"container\" data-settings=\"{&quot;background_background&quot;:&quot;classic&quot;}\">\n\t\t<div class=\"elementor-element elementor-element-67a27f3 e-flex e-con-boxed e-con e-child\" data-id=\"67a27f3\" data-element_type=\"container\" data-e-type=\"container\">\n\t\t\t\t\t<div class=\"e-con-inner\">\n\t\t\t\t<div class=\"elementor-element elementor-element-cf3153a elementor-widget elementor-widget-heading\" data-id=\"cf3153a\" data-element_type=\"widget\" data-e-type=\"widget\" data-widget_type=\"heading.default\">\n\t\t\t\t\t<h2 class=\"elementor-heading-title elementor-size-default\">Values<\/h2>\t\t\t\t<\/div>\n\t\t\t\t<div class=\"elementor-element elementor-element-27946af elementor-widget-divider--view-line elementor-widget elementor-widget-divider\" data-id=\"27946af\" data-element_type=\"widget\" data-e-type=\"widget\" data-widget_type=\"divider.default\">\n\t\t\t\t\t\t\t<div class=\"elementor-divider\">\n\t\t\t<span class=\"elementor-divider-separator\">\n\t\t\t\t\t\t<\/span>\n\t\t<\/div>\n\t\t\t\t\t\t<\/div>\n\t\t\t\t<div class=\"elementor-element elementor-element-ecbabe1 elementor-widget elementor-widget-spacer\" data-id=\"ecbabe1\" data-element_type=\"widget\" data-e-type=\"widget\" data-widget_type=\"spacer.default\">\n\t\t\t\t\t\t\t<div class=\"elementor-spacer\">\n\t\t\t<div class=\"elementor-spacer-inner\"><\/div>\n\t\t<\/div>\n\t\t\t\t\t\t<\/div>\n\t\t\t\t\t<\/div>\n\t\t\t\t<\/div>\n\t\t<div class=\"elementor-element elementor-element-ae18140 e-flex e-con-boxed e-con e-child\" data-id=\"ae18140\" data-element_type=\"container\" data-e-type=\"container\">\n\t\t\t\t\t<div class=\"e-con-inner\">\n\t\t<div class=\"elementor-element elementor-element-62bc496 e-con-full e-flex e-con e-child\" data-id=\"62bc496\" data-element_type=\"container\" data-e-type=\"container\">\n\t\t\t\t<div class=\"elementor-element elementor-element-b5f3a64 elementor-widget elementor-widget-image\" data-id=\"b5f3a64\" data-element_type=\"widget\" data-e-type=\"widget\" data-widget_type=\"image.default\">\n\t\t\t\t\t\t\t\t\t\t\t\t\t\t\t<img decoding=\"async\" src=\"https:\/\/bolayirdogancelik.com\/wp-content\/uploads\/elementor\/thumbs\/law-icon-1-rfblw7ha6jztwh4zez8223nw34ub2u7b9xbi2r88hs.png\" title=\"law-icon-1\" alt=\"law-icon-1\" loading=\"lazy\" \/>\t\t\t\t\t\t\t\t\t\t\t\t\t\t\t<\/div>\n\t\t\t\t<div class=\"elementor-element elementor-element-27efdfa elementor-widget elementor-widget-heading\" data-id=\"27efdfa\" data-element_type=\"widget\" data-e-type=\"widget\" data-widget_type=\"heading.default\">\n\t\t\t\t\t<h3 class=\"elementor-heading-title elementor-size-default\">TRANSPARENCY<\/h3>\t\t\t\t<\/div>\n\t\t\t\t<div class=\"elementor-element elementor-element-74f20df elementor-widget elementor-widget-text-editor\" data-id=\"74f20df\" data-element_type=\"widget\" data-e-type=\"widget\" data-widget_type=\"text-editor.default\">\n\t\t\t\t\t\t\t\t\t<p style=\"text-align: center;\">Open and trust-based communication throughout the process<\/p>\t\t\t\t\t\t\t\t<\/div>\n\t\t\t\t<\/div>\n\t\t<div class=\"elementor-element elementor-element-6867ce6 e-con-full e-flex e-con e-child\" data-id=\"6867ce6\" data-element_type=\"container\" data-e-type=\"container\">\n\t\t\t\t<div class=\"elementor-element elementor-element-0d97e98 elementor-widget elementor-widget-image\" data-id=\"0d97e98\" data-element_type=\"widget\" data-e-type=\"widget\" data-widget_type=\"image.default\">\n\t\t\t\t\t\t\t\t\t\t\t\t\t\t\t<img decoding=\"async\" src=\"https:\/\/bolayirdogancelik.com\/wp-content\/uploads\/elementor\/thumbs\/icon11-rfblw1u91js3ytd6bwsan534itm3snkx95el73glj4.png\" title=\"icon11\" alt=\"icon11\" loading=\"lazy\" \/>\t\t\t\t\t\t\t\t\t\t\t\t\t\t\t<\/div>\n\t\t\t\t<div class=\"elementor-element elementor-element-3caef7a elementor-widget elementor-widget-heading\" data-id=\"3caef7a\" data-element_type=\"widget\" data-e-type=\"widget\" data-widget_type=\"heading.default\">\n\t\t\t\t\t<h3 class=\"elementor-heading-title elementor-size-default\">PROFESSIONALISM<\/h3>\t\t\t\t<\/div>\n\t\t\t\t<div class=\"elementor-element elementor-element-fc8c2f8 elementor-widget elementor-widget-text-editor\" data-id=\"fc8c2f8\" data-element_type=\"widget\" data-e-type=\"widget\" data-widget_type=\"text-editor.default\">\n\t\t\t\t\t\t\t\t\t<p style=\"text-align: center;\">Disciplined approach to work in accordance with international standards<\/p>\t\t\t\t\t\t\t\t<\/div>\n\t\t\t\t<\/div>\n\t\t<div class=\"elementor-element elementor-element-7f70776 e-con-full e-flex e-con e-child\" data-id=\"7f70776\" data-element_type=\"container\" data-e-type=\"container\">\n\t\t\t\t<div class=\"elementor-element elementor-element-3af4a90 elementor-widget elementor-widget-image\" data-id=\"3af4a90\" data-element_type=\"widget\" data-e-type=\"widget\" data-widget_type=\"image.default\">\n\t\t\t\t\t\t\t\t\t\t\t\t\t\t\t<img decoding=\"async\" src=\"https:\/\/bolayirdogancelik.com\/wp-content\/uploads\/elementor\/thumbs\/sky-rfblwc6h4q69iiy5nj96wkh722755bpyykkxh519mo.png\" title=\"sky\" alt=\"sky\" loading=\"lazy\" \/>\t\t\t\t\t\t\t\t\t\t\t\t\t\t\t<\/div>\n\t\t\t\t<div class=\"elementor-element elementor-element-dd78c38 elementor-widget elementor-widget-heading\" data-id=\"dd78c38\" data-element_type=\"widget\" data-e-type=\"widget\" data-widget_type=\"heading.default\">\n\t\t\t\t\t<h3 class=\"elementor-heading-title elementor-size-default\">INNOVATIVE APPROACH<\/h3>\t\t\t\t<\/div>\n\t\t\t\t<div class=\"elementor-element elementor-element-0fd12b4 elementor-widget elementor-widget-text-editor\" data-id=\"0fd12b4\" data-element_type=\"widget\" data-e-type=\"widget\" data-widget_type=\"text-editor.default\">\n\t\t\t\t\t\t\t\t\t<p style=\"text-align: center;\">Modern solutions<br \/>that go beyond traditional methods<\/p>\t\t\t\t\t\t\t\t<\/div>\n\t\t\t\t<\/div>\n\t\t<div class=\"elementor-element elementor-element-292d0f0 e-con-full e-flex e-con e-child\" data-id=\"292d0f0\" data-element_type=\"container\" data-e-type=\"container\">\n\t\t\t\t<div class=\"elementor-element elementor-element-ce9c89f elementor-widget elementor-widget-image\" data-id=\"ce9c89f\" data-element_type=\"widget\" data-e-type=\"widget\" data-widget_type=\"image.default\">\n\t\t\t\t\t\t\t\t\t\t\t\t\t\t\t<img decoding=\"async\" src=\"https:\/\/bolayirdogancelik.com\/wp-content\/uploads\/elementor\/thumbs\/icon-a5-3-rfblvubjivhtdxo3jtja36zfrqn632r2k46pcvrqww.png\" title=\"icon-a5-3\" alt=\"icon-a5-3\" loading=\"lazy\" \/>\t\t\t\t\t\t\t\t\t\t\t\t\t\t\t<\/div>\n\t\t\t\t<div class=\"elementor-element elementor-element-6261d10 elementor-widget elementor-widget-heading\" data-id=\"6261d10\" data-element_type=\"widget\" data-e-type=\"widget\" data-widget_type=\"heading.default\">\n\t\t\t\t\t<h3 class=\"elementor-heading-title elementor-size-default\">CLIENT-CENTERED<\/h3>\t\t\t\t<\/div>\n\t\t\t\t<div class=\"elementor-element elementor-element-0944501 elementor-widget elementor-widget-text-editor\" data-id=\"0944501\" data-element_type=\"widget\" data-e-type=\"widget\" data-widget_type=\"text-editor.default\">\n\t\t\t\t\t\t\t\t\t<p style=\"text-align: center;\">Personalized service<br \/> tailored to<br \/> each client's needs<\/p>\t\t\t\t\t\t\t\t<\/div>\n\t\t\t\t<\/div>\n\t\t\t\t\t<\/div>\n\t\t\t\t<\/div>\n\t\t\t\t<\/div>\n\t\t<div class=\"elementor-element elementor-element-f5fe5f9 e-con-full e-flex e-con e-parent\" data-id=\"f5fe5f9\" data-element_type=\"container\" data-e-type=\"container\" data-settings=\"{&quot;background_background&quot;:&quot;classic&quot;}\">\n\t\t<div class=\"elementor-element elementor-element-58a0a8a e-con-full e-flex e-con e-child\" data-id=\"58a0a8a\" data-element_type=\"container\" data-e-type=\"container\">\n\t\t\t\t<div class=\"elementor-element elementor-element-f6da02b elementor-widget elementor-widget-heading\" data-id=\"f6da02b\" data-element_type=\"widget\" data-e-type=\"widget\" data-widget_type=\"heading.default\">\n\t\t\t\t\t<h2 class=\"elementor-heading-title elementor-size-default\">Contact Us<\/h2>\t\t\t\t<\/div>\n\t\t\t\t<div class=\"elementor-element elementor-element-993b3c6 elementor-widget elementor-widget-text-editor\" data-id=\"993b3c6\" data-element_type=\"widget\" data-e-type=\"widget\" data-widget_type=\"text-editor.default\">\n\t\t\t\t\t\t\t\t\t<p>We are here to assist you with all your legal consulting needs!<\/p>\t\t\t\t\t\t\t\t<\/div>\n\t\t\t\t<div class=\"elementor-element elementor-element-e0964f1 elementor-align-left elementor-invisible elementor-widget elementor-widget-button\" data-id=\"e0964f1\" data-element_type=\"widget\" data-e-type=\"widget\" data-settings=\"{&quot;_animation&quot;:&quot;fadeInDown&quot;}\" data-widget_type=\"button.default\">\n\t\t\t\t\t\t\t\t\t\t<a class=\"elementor-button elementor-button-link elementor-size-sm\" href=\"https:\/\/bolayirdogancelik.com\/en\/iletisim\/\">\n\t\t\t\t\t\t<span class=\"elementor-button-content-wrapper\">\n\t\t\t\t\t\t\t\t\t<span class=\"elementor-button-text\">Contact<\/span>\n\t\t\t\t\t<\/span>\n\t\t\t\t\t<\/a>\n\t\t\t\t\t\t\t\t<\/div>\n\t\t\t\t<\/div>\n\t\t<div class=\"elementor-element elementor-element-2878a6a e-con-full e-flex e-con e-child\" data-id=\"2878a6a\" data-element_type=\"container\" data-e-type=\"container\">\n\t\t\t\t<div class=\"elementor-element elementor-element-d71d463 elementor-widget elementor-widget-image\" data-id=\"d71d463\" data-element_type=\"widget\" data-e-type=\"widget\" data-widget_type=\"image.default\">\n\t\t\t\t\t\t\t\t\t\t\t\t\t\t\t<img fetchpriority=\"high\" decoding=\"async\" width=\"823\" height=\"600\" src=\"https:\/\/bolayirdogancelik.com\/wp-content\/uploads\/2025\/10\/image42-min.jpg\" class=\"attachment-full size-full wp-image-109\" alt=\"\" srcset=\"https:\/\/bolayirdogancelik.com\/wp-content\/uploads\/2025\/10\/image42-min.jpg 823w, https:\/\/bolayirdogancelik.com\/wp-content\/uploads\/2025\/10\/image42-min-300x219.jpg 300w, https:\/\/bolayirdogancelik.com\/wp-content\/uploads\/2025\/10\/image42-min-768x560.jpg 768w\" sizes=\"(max-width: 823px) 100vw, 823px\" \/>\t\t\t\t\t\t\t\t\t\t\t\t\t\t\t<\/div>\n\t\t\t\t<\/div>\n\t\t\t\t<\/div>\n\t\t\t\t<\/div>","protected":false},"excerpt":{"rendered":"<p>Hakk\u0131m\u0131zda Bolay\u0131r &amp; Do\u011fan\u00e7elik G\u00dcVEN\u0130L\u0130R HUKUK DANI\u015eMANLI\u011eI Bolay\u0131r &amp; Do\u011fan\u00e7elik, Ankara merkezli butik bir hukuk b\u00fcrosu olarak ulusal ve uluslararas\u0131 \u015firketlere stratejik, yenilik\u00e7i ve uygulanabilir \u00e7\u00f6z\u00fcmler sunar. Kurucu ortaklar\u0131m\u0131z\u0131n uluslararas\u0131 hukuk b\u00fcrolar\u0131nda edindikleri deneyim ve sekt\u00f6r liderli\u011fi vizyonu, b\u00fcromuzun sa\u011flam temeller \u00fczerine kurulmas\u0131n\u0131 sa\u011flam\u0131\u015ft\u0131r. Kurumsal d\u00fcnyada h\u0131zla de\u011fi\u015fen ko\u015fullar, \u015firketlerin yaln\u0131zca hukuka uyumlu hareket etmesini&hellip;&nbsp;<a href=\"https:\/\/bolayirdogancelik.com\/en\/hakkimizda\/\" rel=\"bookmark\"><span class=\"screen-reader-text\">About Us<\/span><\/a><\/p>","protected":false},"author":1,"featured_media":29,"parent":0,"menu_order":0,"comment_status":"closed","ping_status":"closed","template":"elementor_header_footer","meta":{"neve_meta_sidebar":"","neve_meta_container":"","neve_meta_enable_content_width":"","neve_meta_content_width":0,"neve_meta_title_alignment":"","neve_meta_author_avatar":"","neve_post_elements_order":"","neve_meta_disable_header":"","neve_meta_disable_footer":"","neve_meta_disable_title":"","neve_meta_reading_time":"","_themeisle_gutenberg_block_has_review":false,"footnotes":""},"class_list":["post-24","page","type-page","status-publish","has-post-thumbnail","hentry"],"_links":{"self":[{"href":"https:\/\/bolayirdogancelik.com\/en\/wp-json\/wp\/v2\/pages\/24","targetHints":{"allow":["GET"]}}],"collection":[{"href":"https:\/\/bolayirdogancelik.com\/en\/wp-json\/wp\/v2\/pages"}],"about":[{"href":"https:\/\/bolayirdogancelik.com\/en\/wp-json\/wp\/v2\/types\/page"}],"author":[{"embeddable":true,"href":"https:\/\/bolayirdogancelik.com\/en\/wp-json\/wp\/v2\/users\/1"}],"replies":[{"embeddable":true,"href":"https:\/\/bolayirdogancelik.com\/en\/wp-json\/wp\/v2\/comments?post=24"}],"version-history":[{"count":100,"href":"https:\/\/bolayirdogancelik.com\/en\/wp-json\/wp\/v2\/pages\/24\/revisions"}],"predecessor-version":[{"id":2270,"href":"https:\/\/bolayirdogancelik.com\/en\/wp-json\/wp\/v2\/pages\/24\/revisions\/2270"}],"wp:featuredmedia":[{"embeddable":true,"href":"https:\/\/bolayirdogancelik.com\/en\/wp-json\/wp\/v2\/media\/29"}],"wp:attachment":[{"href":"https:\/\/bolayirdogancelik.com\/en\/wp-json\/wp\/v2\/media?parent=24"}],"curies":[{"name":"wp","href":"https:\/\/api.w.org\/{rel}","templated":true}]}}